{"id":1512,"date":"2014-09-03T22:37:55","date_gmt":"2014-09-04T01:37:55","guid":{"rendered":"https:\/\/proyectoenmadera.com.ar\/?page_id=1512"},"modified":"2024-01-19T13:17:58","modified_gmt":"2024-01-19T13:17:58","slug":"pisos-de-madera","status":"publish","type":"page","link":"https:\/\/proyecto.com.ar\/index.php\/pisos-de-madera\/","title":{"rendered":"Gaming"},"content":{"rendered":"<h1>Pisos de Madera<\/h1>\n<p>Cuando hablamos acerca de la nobleza de ciertos materiales a la hora de elegir revestimientos en nuestro hogar, la madera ocupa un lugar privilegiado. A lo largo de siglos se ha convertido en sin\u00f3nimo de calidez y durabilidad.<\/p>\n<p>Son muchos los factores que debemos tener en cuenta al momento de elegir un piso de madera. Lo primero es su belleza. La madera natural\u00a0 tiene ganado su prestigio desde este punto de vista. Sin embargo, tambi\u00e9n es relevante\u00a0considerar qu\u00e9 involucra\u00a0la\u00a0instalaci\u00f3n\u00a0y el mantenimiento de un piso de madera. Es importante conocer\u00a0las distintas opciones y sus caracter\u00edsticas antes de tomar una decisi\u00f3n.<\/p>\n<p><strong>Tipos de Pisos de Madera.\u00a0<\/strong>Los pisos de madera se clasifican en dos grupos:<\/p>\n<p style=\"padding-left: 30px;\"><strong>1. Pisos de Madera Maciza<br \/>\n<\/strong><strong>2. <a href=\"https:\/\/proyectoenmadera.com.ar\/pisos-de-madera-laminada\/\" target=\"_blank\" rel=\"noopener\">Pisos de Madera Laminada<\/a><\/strong>.<\/p>\n<p>&nbsp;<\/p>\n<h2 style=\"color: #444444;\">Pisos de Madera\u00a0Maciza<\/h2>\n<h5 style=\"color: #444444;\">Colocaci\u00f3n de\u00a0Pisos de Madera\u00a0Maciza<\/h5>\n<h5>Entablonados<\/h5>\n<p>Los pisos de madera Entablonados se colocan con tablas o listones de madera s\u00f3lida, de distintos anchos y largos. La terminaci\u00f3n es totalmente lisa, sin tornillos en los extemos. La instalaci\u00f3n es del tipo Americana y tiene como caracter\u00edstica principal las l\u00edneas rectas que acent\u00faan y alargan la perspectiva.<\/p>\n<h5>Tarugados<\/h5>\n<p>Lo que distingue a los pisos de madera Tarugados son los tornillos en los extremos de las tablas o listones. Generalmente se utilizan tarugos de madera para tapar los orificios de los tornillos \u00a0y es precisamente esto lo que le da el nombre a este estilo de colocaci\u00f3n.<\/p>\n<h5>Parquets<\/h5>\n<p>Para el Parquet se utilizan listones de madera s\u00f3lida, que pueden ser de distintos tipos de madera y de distintos anchos y largos, que combinadas forman patrones geom\u00e9tricos y angulares. La colocaci\u00f3n se realiza clavando o pegando las piezas.<\/p>\n<h5>Prefinished<\/h5>\n<p>La caracter\u00edstica principal de los pisos de madera Prefinished es que no requieren pulido o plastificado. Se trata de piezas de madera s\u00f3lida que ya vienen machimbradas y tienen aplicadas capas protectoras de uretano acr\u00edlico, que permiten que el piso sea transitable apenas finalizada la instalaci\u00f3n.La colocaci\u00f3n de un piso de madera maciza comienza con la preparaci\u00f3n de la superficie del piso base. Debe estar limpia, libre de imprefecciones y sin humedad. En \u00e9poca invernal, se recomienda calefaccionar el ambiente dos semanas antes de la instalaci\u00f3n. La madera se contrae y expande con los cambios de temperatura, por lo cual es recomendable aclimatar la madera al ambiente donde vaya a ser colocada. La madera puede ser clavada, atornillada o pegada, pero en todos los casos es importante protegerla de la humedad. Es por eso que la superficie de base necesariamente deber\u00e1 estar preparada para esto, con opciones que van desde una carpeta cementicia embreada hasta una estructura de tirantes de madera para una c\u00e1mara de aire. Una vez finalizada la instalaci\u00f3n, se deber\u00e1 esperar un tiempo (que var\u00eda entre dos semanas a tres meses seg\u00fan el tipo de instalaci\u00f3n) para permitir el asentamiento del nuevo piso de madera, antes de realizar el pulido y el encerado\/plastificado\/hidrolaqueado.<\/p>\n<h5>Pulido\u00a0de Pisos de Madera:<\/h5>\n<p>Con excepci\u00f3n de los pisos Prefinished, los pisos de madera maciza deben ser pulidos una vez finalizada la colocaci\u00f3n. Esto es necesario para lograr una superficie nivelada y suave. Antes de realizar el pulido, es necesario esperar un m\u00ednimo de dos semanas para permitir el correcto asentamiento de la madera. Al comienzo del per\u00edodo de espera, se aplica una capa de parafina o cera. Pasadas unas doce horas, el piso puede ser transitado normalmente hasta el momento del pulido. Para comenzar con el trabajo de pulido, el piso debe estar totalmente despejado y no debe haber personas presentes en el ambiente. Hay que tener en cuenta que para el pulido se utilizan m\u00e1quinas con sistemas de aspiraci\u00f3n, pero es inevitable que se genere polvillo (aserr\u00edn).<\/p>\n<h5>Plastificado de Pisos de Madera:<\/h5>\n<p>El plastificado consiste en aplicar una fina capa de laca poliuret\u00e1nica sobre el piso de madera. La caracter\u00edstica principal del plastificado es el <strong>brillo<\/strong> de la terminaci\u00f3n. Como la pel\u00edcula de laca que se aplica sella completamente los poros de la madera, es necesario dejar pasar al menos dos meses desde la instalaci\u00f3n del piso para comprobar que no existan problemas de humedad. La laca poliuret\u00e1nica emana vapores t\u00f3xicos con un fuerte olor. Si bien son de baja toxicidad, hay que tomar las precauciones necesarias durante y despu\u00e9s de su aplicaci\u00f3n. Se recomienda esperar unas doce horas una vez finalizado el plastificado para volver a darle al piso un uso normal.<\/p>\n<h5>Hidrolaqueado\u00a0de Pisos de Madera:<\/h5>\n<p>El hidrolaqueado es la aplicaci\u00f3n de una pel\u00edcula de resinas de poliuretano en base acuosa sobre el piso de madera. La diferencia principal con respecto al plastificado es que no tiene solventes. Los solventes remueven los taninos de la madera y es por eso que el hidrolaqueado tiene una terminaci\u00f3n m\u00e1s natural que el plastificado. Por otro lado, el hidrolaqueado es menos resistente que el plastificado, aunque depende del tipo de producto que se aplique. Los vapores emanados durante la aplicaci\u00f3n del hidrolaqueado tambi\u00e9n son t\u00f3xicos, pero el olor es casi imperceptible si se lo compara con el del plastificado. Tambi\u00e9n se recomienda esperar unas doce horas para transitar el piso despu\u00e9s de terminada la aplicaci\u00f3n.<\/p>\n<p>&nbsp;<\/p>\n","protected":false},"excerpt":{"rendered":"<p>Pisos de Madera Cuando hablamos acerca de la nobleza de ciertos materiales a la hora de elegir revestimientos en nuestro hogar, la madera ocupa un lugar privilegiado. A lo largo de siglos se ha convertido en sin\u00f3nimo de calidez y durabilidad. Son muchos los factores que debemos tener en cuenta al momento de elegir un &hellip; <\/p>\n<p class=\"link-more\"><a href=\"https:\/\/proyecto.com.ar\/index.php\/pisos-de-madera\/\" class=\"more-link\">Leer m\u00e1s<span class=\"screen-reader-text\"> \u00abGaming\u00bb<\/span><\/a><\/p>\n","protected":false},"author":1,"featured_media":0,"parent":0,"menu_order":62,"comment_status":"closed","ping_status":"closed","template":"","meta":{"_crdt_document":"","inspiro_hide_title":false,"_joinchat":[],"footnotes":""},"class_list":["post-1512","page","type-page","status-publish","hentry"],"jetpack_sharing_enabled":true,"featured_media_urls":[],"_links":{"self":[{"href":"https:\/\/proyecto.com.ar\/index.php\/wp-json\/wp\/v2\/pages\/1512","targetHints":{"allow":["GET"]}}],"collection":[{"href":"https:\/\/proyecto.com.ar\/index.php\/wp-json\/wp\/v2\/pages"}],"about":[{"href":"https:\/\/proyecto.com.ar\/index.php\/wp-json\/wp\/v2\/types\/page"}],"author":[{"embeddable":true,"href":"https:\/\/proyecto.com.ar\/index.php\/wp-json\/wp\/v2\/users\/1"}],"replies":[{"embeddable":true,"href":"https:\/\/proyecto.com.ar\/index.php\/wp-json\/wp\/v2\/comments?post=1512"}],"version-history":[{"count":1,"href":"https:\/\/proyecto.com.ar\/index.php\/wp-json\/wp\/v2\/pages\/1512\/revisions"}],"predecessor-version":[{"id":5199,"href":"https:\/\/proyecto.com.ar\/index.php\/wp-json\/wp\/v2\/pages\/1512\/revisions\/5199"}],"wp:attachment":[{"href":"https:\/\/proyecto.com.ar\/index.php\/wp-json\/wp\/v2\/media?parent=1512"}],"curies":[{"name":"wp","href":"https:\/\/api.w.org\/{rel}","templated":true}]}}