{"id":24,"date":"2014-04-04T16:43:34","date_gmt":"2014-04-04T16:43:34","guid":{"rendered":"http:\/\/proyectoenmadera.com\/?page_id=24"},"modified":"2024-12-20T15:48:31","modified_gmt":"2024-12-20T15:48:31","slug":"contacto-consulta-formulario","status":"publish","type":"page","link":"https:\/\/proyecto.com.ar\/index.php\/contacto-consulta-formulario\/","title":{"rendered":"Consulta a Proyecto"},"content":{"rendered":"\t\t<div data-elementor-type=\"wp-page\" data-elementor-id=\"24\" class=\"elementor elementor-24\">\n\t\t\t\t<div class=\"elementor-element elementor-element-11c687f e-flex e-con-boxed e-con e-parent\" data-id=\"11c687f\" data-element_type=\"container\" data-e-type=\"container\">\n\t\t\t\t\t<div class=\"e-con-inner\">\n\t\t\t\t<div class=\"elementor-element elementor-element-479b2b4 elementor-widget elementor-widget-text-editor\" data-id=\"479b2b4\" data-element_type=\"widget\" data-e-type=\"widget\" data-widget_type=\"text-editor.default\">\n\t\t\t\t\t\t\t\t\t<p>Consulta con nosotros mandando mensaje por E-mail completando el formulario o cont\u00e1ctanos por WhatsApp, para solicitar informaci\u00f3n o presupuesto y nosotros nos contactaremos a la brevedad.<\/p>\t\t\t\t\t\t\t\t<\/div>\n\t\t\t\t\t<\/div>\n\t\t\t\t<\/div>\n\t\t<div class=\"elementor-element elementor-element-ad12f86 e-flex e-con-boxed e-con e-parent\" data-id=\"ad12f86\" data-element_type=\"container\" data-e-type=\"container\">\n\t\t\t\t\t<div class=\"e-con-inner\">\n\t\t\t\t<div class=\"elementor-element elementor-element-b39b564 elementor-widget elementor-widget-wpzoom-elementor-addons-image-box\" data-id=\"b39b564\" data-element_type=\"widget\" data-e-type=\"widget\" data-widget_type=\"wpzoom-elementor-addons-image-box.default\">\n\t\t\t\t<div class=\"elementor-widget-container\">\n\t\t\t\t\t\t\t<div class=\"wpzoom-elementor-addons-image-box\">\n\t\t\t<h3>\n\t\t\t\t<span class=\"wpzoom-elementor-addons-image-box-link not-linked has-image\" style=\"background-image:url('https:\/\/proyecto.com.ar\/wp-content\/uploads\/2024\/01\/mano-mujer-negocios-graficos-financieros-telefono-movil-sobre-computadora-portatil-tabla-scaled-e1705668217435.jpg');\"><span><\/span><\/span>\t\t\t<\/h3>\n\t\t<\/div><!-- \/\/.wpzoom-elementor-addons-image-box -->\n\t\t\t\t\t\t<\/div>\n\t\t\t\t<\/div>\n\t\t\t\t\t<\/div>\n\t\t\t\t<\/div>\n\t\t<div class=\"elementor-element elementor-element-c916d4e e-flex e-con-boxed e-con e-parent\" data-id=\"c916d4e\" data-element_type=\"container\" data-e-type=\"container\">\n\t\t\t\t\t<div class=\"e-con-inner\">\n\t\t\t\t<div class=\"elementor-element elementor-element-4190eb0 elementor-widget elementor-widget-text-editor\" data-id=\"4190eb0\" data-element_type=\"widget\" data-e-type=\"widget\" data-widget_type=\"text-editor.default\">\n\t\t\t\t\t\t\t\t\t<div data-id=\"cc77b11\" data-element_type=\"widget\" data-widget_type=\"wd_title.default\">\n<div>\n<div>\n<div>\n<p><strong>ARGENTINA<\/strong><\/p>\n<p>Col\u00f3n 736, San Fernando<\/p>\n<\/div>\n<\/div>\n<\/div>\n<\/div>\n<div data-id=\"2bfa1cb\" data-element_type=\"widget\" data-widget_type=\"wd_text_block.default\">\n<div>\n<div><strong>Email:<\/strong><span style=\"color: var( --e-global-color-text ); text-align: var(--text-align);\">madeinproyecto@gmail.com<\/span><div><br><\/div><strong>Tel\u00e9fono:<\/strong> (+54) 9 11-2743-2262<\/div>\n<\/div>\n<\/div>\t\t\t\t\t\t\t\t<\/div>\n\t\t\t\t\t<\/div>\n\t\t\t\t<\/div>\n\t\t<div class=\"elementor-element elementor-element-6906818 e-flex e-con-boxed e-con e-parent\" data-id=\"6906818\" data-element_type=\"container\" data-e-type=\"container\">\n\t\t\t\t\t<div class=\"e-con-inner\">\n\t\t\t\t<div class=\"elementor-element elementor-element-9b2ff68 elementor-widget elementor-widget-heading\" data-id=\"9b2ff68\" data-element_type=\"widget\" data-e-type=\"widget\" data-widget_type=\"heading.default\">\n\t\t\t\t\t<h3 class=\"elementor-heading-title elementor-size-medium\">Consulta a Proyecto completando el formulario<\/h3>\t\t\t\t<\/div>\n\t\t\t\t\t<\/div>\n\t\t\t\t<\/div>\n\t\t<div class=\"elementor-element elementor-element-96b85b5 e-con-full e-flex e-con e-parent\" data-id=\"96b85b5\" data-element_type=\"container\" data-e-type=\"container\">\n\t\t\t\t<div class=\"elementor-element elementor-element-8371675 elementor-widget__width-initial elementor-widget elementor-widget-wpforms\" data-id=\"8371675\" data-element_type=\"widget\" data-e-type=\"widget\" data-widget_type=\"wpforms.default\">\n\t\t\t\t<div class=\"elementor-widget-container\">\n\t\t\t\t\t<div class=\"wpforms-container wpforms-container-full wpforms-render-modern\" id=\"wpforms-5004\"><form id=\"wpforms-form-5004\" class=\"wpforms-validate wpforms-form wpforms-ajax-form\" data-formid=\"5004\" method=\"post\" enctype=\"multipart\/form-data\" action=\"\/index.php\/wp-json\/wp\/v2\/pages\/24\" data-token=\"d907d07b066dd27adfc39b129902097c\" data-token-time=\"1776228091\"><noscript class=\"wpforms-error-noscript\">Por favor, activa JavaScript en tu navegador para completar este formulario.<\/noscript><div id=\"wpforms-error-noscript\" style=\"display: none;\">Por favor, activa JavaScript en tu navegador para completar este formulario.<\/div><div class=\"wpforms-field-container\"><div id=\"wpforms-5004-field_2-container\" class=\"wpforms-field wpforms-field-name\" data-field-id=\"2\"><fieldset><legend class=\"wpforms-field-label\">Name <span class=\"wpforms-required-label\" aria-hidden=\"true\">*<\/span><\/legend><div class=\"wpforms-field-row wpforms-field-medium\"><div class=\"wpforms-field-row-block wpforms-first wpforms-one-half\"><input type=\"text\" id=\"wpforms-5004-field_2\" class=\"wpforms-field-name-first wpforms-field-required\" name=\"wpforms[fields][2][first]\" aria-errormessage=\"wpforms-5004-field_2-error\" required><label for=\"wpforms-5004-field_2\" class=\"wpforms-field-sublabel after\">Nombre<\/label><\/div><div class=\"wpforms-field-row-block wpforms-one-half\"><input type=\"text\" id=\"wpforms-5004-field_2-last\" class=\"wpforms-field-name-last wpforms-field-required\" name=\"wpforms[fields][2][last]\" aria-errormessage=\"wpforms-5004-field_2-last-error\" required><label for=\"wpforms-5004-field_2-last\" class=\"wpforms-field-sublabel after\">Apellidos<\/label><\/div><\/div><\/fieldset><\/div><div id=\"wpforms-5004-field_3-container\" class=\"wpforms-field wpforms-field-number\" data-field-id=\"3\"><label class=\"wpforms-field-label\" for=\"wpforms-5004-field_3\">Phone <span class=\"wpforms-required-label\" aria-hidden=\"true\">*<\/span><\/label><input type=\"number\" id=\"wpforms-5004-field_3\" class=\"wpforms-field-medium wpforms-field-required\" name=\"wpforms[fields][3]\" step=\"any\" aria-errormessage=\"wpforms-5004-field_3-error\" required><\/div><div id=\"wpforms-5004-field_4-container\" class=\"wpforms-field wpforms-field-email\" data-field-id=\"4\"><label class=\"wpforms-field-label\" for=\"wpforms-5004-field_4\">E-Mail.: <span class=\"wpforms-required-label\" aria-hidden=\"true\">*<\/span><\/label><input type=\"email\" id=\"wpforms-5004-field_4\" class=\"wpforms-field-medium wpforms-field-required\" name=\"wpforms[fields][4]\" spellcheck=\"false\" aria-errormessage=\"wpforms-5004-field_4-error\" required><\/div><div id=\"wpforms-5004-field_5-container\" class=\"wpforms-field wpforms-field-select wpforms-field-select-style-classic\" data-field-id=\"5\"><label class=\"wpforms-field-label\" for=\"wpforms-5004-field_5\">Provincia\/Localidad <span class=\"wpforms-required-label\" aria-hidden=\"true\">*<\/span><\/label><select id=\"wpforms-5004-field_5\" class=\"wpforms-field-medium wpforms-field-required\" name=\"wpforms[fields][5]\" required=\"required\"><option value=\"CABA\"  class=\"choice-1 depth-1\"  >CABA<\/option><option value=\"GBA Norte\"  class=\"choice-2 depth-1\"  >GBA Norte<\/option><option value=\"GBA Sur\"  class=\"choice-3 depth-1\"  >GBA Sur<\/option><option value=\"GBA Este\"  class=\"choice-4 depth-1\"  >GBA Este<\/option><option value=\"GBA Oeste\"  class=\"choice-5 depth-1\"  >GBA Oeste<\/option><option value=\"Cordoba\"  class=\"choice-6 depth-1\"  >Cordoba<\/option><option value=\"Santa Fe\"  class=\"choice-7 depth-1\"  >Santa Fe<\/option><option value=\"Catamarca\"  class=\"choice-19 depth-1\"  >Catamarca<\/option><option value=\"Chaco\"  class=\"choice-15 depth-1\"  >Chaco<\/option><option value=\"Corrientes\"  class=\"choice-12 depth-1\"  >Corrientes<\/option><option value=\"Chubut\"  class=\"choice-26 depth-1\"  >Chubut<\/option><option value=\"Entre R\u00edos\"  class=\"choice-10 depth-1\"  >Entre R\u00edos<\/option><option value=\"Formosa\"  class=\"choice-14 depth-1\"  >Formosa<\/option><option value=\"Jujuy\"  class=\"choice-23 depth-1\"  >Jujuy<\/option><option value=\"La Pampa\"  class=\"choice-8 depth-1\"  >La Pampa<\/option><option value=\"La Rioja\"  class=\"choice-18 depth-1\"  >La Rioja<\/option><option value=\"San Luis\"  class=\"choice-9 depth-1\"  >San Luis<\/option><option value=\"Mendoza\"  class=\"choice-21 depth-1\"  >Mendoza<\/option><option value=\"Misiones\"  class=\"choice-13 depth-1\"  >Misiones<\/option><option value=\"Neuquen\"  class=\"choice-24 depth-1\"  >Neuquen<\/option><option value=\"R\u00edo Negro\"  class=\"choice-25 depth-1\"  >R\u00edo Negro<\/option><option value=\"Salta\"  class=\"choice-16 depth-1\"  >Salta<\/option><option value=\"San Juan\"  class=\"choice-17 depth-1\"  >San Juan<\/option><option value=\"Santa Cruz\"  class=\"choice-27 depth-1\"  >Santa Cruz<\/option><option value=\"Stgo del Estero\"  class=\"choice-22 depth-1\"  >Stgo del Estero<\/option><option value=\"Tierra del Fuego\"  class=\"choice-28 depth-1\"  >Tierra del Fuego<\/option><option value=\"Tucuman\"  class=\"choice-20 depth-1\"  >Tucuman<\/option><\/select><\/div><div id=\"wpforms-5004-field_7-container\" class=\"wpforms-field wpforms-field-select wpforms-field-select-style-classic\" data-field-id=\"7\"><label class=\"wpforms-field-label\" for=\"wpforms-5004-field_7\">Tipo de Producto <span class=\"wpforms-required-label\" aria-hidden=\"true\">*<\/span><\/label><select id=\"wpforms-5004-field_7\" class=\"wpforms-field-medium wpforms-field-required\" name=\"wpforms[fields][7]\" required=\"required\"><option value=\"Hogar y Jard\u00edn\"  class=\"choice-4 depth-1\"  >Hogar y Jard\u00edn<\/option><option value=\"Herramientas\"  class=\"choice-3 depth-1\"  >Herramientas<\/option><option value=\"Indumentaria\"  class=\"choice-2 depth-1\"  >Indumentaria<\/option><option value=\"Juguetes\"  class=\"choice-1 depth-1\"  >Juguetes<\/option><option value=\"Tecnolog\u00eda\"  class=\"choice-5 depth-1\"  >Tecnolog\u00eda<\/option><\/select><\/div><div id=\"wpforms-5004-field_8-container\" class=\"wpforms-field wpforms-field-textarea\" data-field-id=\"8\"><label class=\"wpforms-field-label\" for=\"wpforms-5004-field_8\">Comentarios Adicionales<\/label><textarea id=\"wpforms-5004-field_8\" class=\"wpforms-field-medium\" name=\"wpforms[fields][8]\" aria-errormessage=\"wpforms-5004-field_8-error\" ><\/textarea><\/div><\/div><!-- .wpforms-field-container --><div class=\"wpforms-submit-container\" ><input type=\"hidden\" name=\"wpforms[id]\" value=\"5004\"><input type=\"hidden\" name=\"page_title\" value=\"\"><input type=\"hidden\" name=\"page_url\" value=\"https:\/\/proyecto.com.ar\/index.php\/wp-json\/wp\/v2\/pages\/24\"><input type=\"hidden\" name=\"url_referer\" value=\"\"><button type=\"submit\" name=\"wpforms[submit]\" id=\"wpforms-submit-5004\" class=\"wpforms-submit\" data-alt-text=\"Enviando...\" data-submit-text=\"Enviar\" aria-live=\"assertive\" value=\"wpforms-submit\">Enviar<\/button><img decoding=\"async\" src=\"https:\/\/proyecto.com.ar\/wp-content\/plugins\/wpforms-lite\/assets\/images\/submit-spin.svg\" class=\"wpforms-submit-spinner\" style=\"display: none;\" width=\"26\" height=\"26\" alt=\"Cargando\"><\/div><\/form><\/div>  <!-- .wpforms-container -->\t\t\t\t<\/div>\n\t\t\t\t<\/div>\n\t\t\t\t<\/div>\n\t\t<div class=\"elementor-element elementor-element-963b111 e-flex e-con-boxed e-con e-parent\" data-id=\"963b111\" data-element_type=\"container\" data-e-type=\"container\">\n\t\t\t\t\t<div class=\"e-con-inner\">\n\t\t\t\t<div class=\"elementor-element elementor-element-0cfe247 elementor-widget elementor-widget-text-editor\" data-id=\"0cfe247\" data-element_type=\"widget\" data-e-type=\"widget\" data-widget_type=\"text-editor.default\">\n\t\t\t\t\t\t\t\t\t<p>Nos encontramos en:<\/p>\t\t\t\t\t\t\t\t<\/div>\n\t\t\t\t\t<\/div>\n\t\t\t\t<\/div>\n\t\t\t\t<section class=\"elementor-section elementor-top-section elementor-element elementor-element-8d09132 elementor-section-boxed elementor-section-height-default elementor-section-height-default\" data-id=\"8d09132\" data-element_type=\"section\" data-e-type=\"section\">\n\t\t\t\t\t\t<div class=\"elementor-container elementor-column-gap-default\">\n\t\t\t\t\t<div class=\"elementor-column elementor-col-100 elementor-top-column elementor-element elementor-element-db9aa03\" data-id=\"db9aa03\" data-element_type=\"column\" data-e-type=\"column\">\n\t\t\t<div class=\"elementor-widget-wrap elementor-element-populated\">\n\t\t\t\t\t\t<div class=\"elementor-element elementor-element-14f2ccf elementor-widget__width-initial elementor-widget elementor-widget-google_maps\" data-id=\"14f2ccf\" data-element_type=\"widget\" data-e-type=\"widget\" data-widget_type=\"google_maps.default\">\n\t\t\t\t\t\t\t<div class=\"elementor-custom-embed\">\n\t\t\t<iframe loading=\"lazy\"\n\t\t\t\t\tsrc=\"https:\/\/maps.google.com\/maps?q=Col%C3%B3n%20736%2C%20San%20Fernando%2C%20Provincia%20de%20Buenos%20Aires%2C%20Argentina%20&#038;t=m&#038;z=15&#038;output=embed&#038;iwloc=near\"\n\t\t\t\t\ttitle=\"Col\u00f3n 736, San Fernando, Provincia de Buenos Aires, Argentina \"\n\t\t\t\t\taria-label=\"Col\u00f3n 736, San Fernando, Provincia de Buenos Aires, Argentina \"\n\t\t\t><\/iframe>\n\t\t<\/div>\n\t\t\t\t\t\t<\/div>\n\t\t\t\t\t<\/div>\n\t\t<\/div>\n\t\t\t\t\t<\/div>\n\t\t<\/section>\n\t\t\t\t<\/div>\n\t\t","protected":false},"excerpt":{"rendered":"<p>Consulta con nosotros mandando mensaje por E-mail completando el formulario o cont\u00e1ctanos por WhatsApp, para solicitar informaci\u00f3n o presupuesto y nosotros nos contactaremos a la brevedad. ARGENTINA Col\u00f3n 736, San Fernando Email:madeinproyecto@gmail.comTel\u00e9fono: (+54) 9 11-2743-2262 Consulta a Proyecto completando el formulario Por favor, activa JavaScript en tu navegador para completar este formulario.Por favor, activa JavaScript &hellip; <\/p>\n<p class=\"link-more\"><a href=\"https:\/\/proyecto.com.ar\/index.php\/contacto-consulta-formulario\/\" class=\"more-link\">Leer m\u00e1s<span class=\"screen-reader-text\"> \u00abConsulta a Proyecto\u00bb<\/span><\/a><\/p>\n","protected":false},"author":1,"featured_media":0,"parent":0,"menu_order":84,"comment_status":"closed","ping_status":"closed","template":"","meta":{"_crdt_document":"","inspiro_hide_title":false,"_joinchat":[],"footnotes":""},"class_list":["post-24","page","type-page","status-publish","hentry"],"jetpack_sharing_enabled":true,"featured_media_urls":[],"_links":{"self":[{"href":"https:\/\/proyecto.com.ar\/index.php\/wp-json\/wp\/v2\/pages\/24","targetHints":{"allow":["GET"]}}],"collection":[{"href":"https:\/\/proyecto.com.ar\/index.php\/wp-json\/wp\/v2\/pages"}],"about":[{"href":"https:\/\/proyecto.com.ar\/index.php\/wp-json\/wp\/v2\/types\/page"}],"author":[{"embeddable":true,"href":"https:\/\/proyecto.com.ar\/index.php\/wp-json\/wp\/v2\/users\/1"}],"replies":[{"embeddable":true,"href":"https:\/\/proyecto.com.ar\/index.php\/wp-json\/wp\/v2\/comments?post=24"}],"version-history":[{"count":43,"href":"https:\/\/proyecto.com.ar\/index.php\/wp-json\/wp\/v2\/pages\/24\/revisions"}],"predecessor-version":[{"id":5228,"href":"https:\/\/proyecto.com.ar\/index.php\/wp-json\/wp\/v2\/pages\/24\/revisions\/5228"}],"wp:attachment":[{"href":"https:\/\/proyecto.com.ar\/index.php\/wp-json\/wp\/v2\/media?parent=24"}],"curies":[{"name":"wp","href":"https:\/\/api.w.org\/{rel}","templated":true}]}}