{"id":4140,"date":"2023-01-24T23:56:22","date_gmt":"2023-01-25T02:56:22","guid":{"rendered":"https:\/\/proyectoenmadera.com.ar\/?page_id=4140"},"modified":"2024-01-19T17:05:25","modified_gmt":"2024-01-19T17:05:25","slug":"inicio","status":"publish","type":"page","link":"https:\/\/proyecto.com.ar\/","title":{"rendered":""},"content":{"rendered":"\t\t<div data-elementor-type=\"wp-page\" data-elementor-id=\"4140\" class=\"elementor elementor-4140\">\n\t\t\t\t<div class=\"elementor-element elementor-element-5002349 e-flex e-con-boxed e-con e-parent\" data-id=\"5002349\" data-element_type=\"container\" data-e-type=\"container\">\n\t\t\t\t\t<div class=\"e-con-inner\">\n\t\t<div class=\"elementor-element elementor-element-04c3b18 e-con-full e-flex e-con e-child\" data-id=\"04c3b18\" data-element_type=\"container\" data-e-type=\"container\">\n\t\t\t\t<div class=\"elementor-element elementor-element-4f33d98 elementor-widget elementor-widget-wpzoom-elementor-addons-image-box\" data-id=\"4f33d98\" data-element_type=\"widget\" data-e-type=\"widget\" data-widget_type=\"wpzoom-elementor-addons-image-box.default\">\n\t\t\t\t<div class=\"elementor-widget-container\">\n\t\t\t\t\t\t\t<div class=\"wpzoom-elementor-addons-image-box\">\n\t\t\t<h3>\n\t\t\t\t<span class=\"wpzoom-elementor-addons-image-box-link not-linked has-image\" style=\"background-image:url('https:\/\/proyecto.com.ar\/wp-content\/uploads\/2024\/01\/hermoso-elegante-personal-sentado-oficina-escritorio-usando-computadora-portatil-escuchando-colega-scaled.jpg');\"><span><\/span><\/span>\t\t\t<\/h3>\n\t\t<\/div><!-- \/\/.wpzoom-elementor-addons-image-box -->\n\t\t\t\t\t\t<\/div>\n\t\t\t\t<\/div>\n\t\t\t\t<\/div>\n\t\t<div class=\"elementor-element elementor-element-6aff659 e-con-full e-flex e-con e-child\" data-id=\"6aff659\" data-element_type=\"container\" data-e-type=\"container\">\n\t\t\t\t<div class=\"elementor-element elementor-element-d65418a elementor-widget elementor-widget-text-editor\" data-id=\"d65418a\" data-element_type=\"widget\" data-e-type=\"widget\" data-widget_type=\"text-editor.default\">\n\t\t\t\t\t\t\t\t\t<h3>QUIENES SOMOS<\/h3><p>Proyecto es una empresa <strong>COMERCIALIZADORA<\/strong> y de venta <strong>MAYORISTA<\/strong> en continuo crecimiento, localizada en Argentina especializada en la comercializaci\u00f3n y distribuci\u00f3n de productos de consumo masivo. Desarrollamos nuestra actividad comercial con presencia de ejecutivos de venta en toda la Argentina a trav\u00e9s de m\u00faltiples canales comerciales.<\/p><p>Nuestra dedicaci\u00f3n y profesionalismo, trabajando en conjunto con los proveedores m\u00e1s prestigiosos en cada categor\u00eda, nos ha permitido lograr un posicionamiento exitoso de los productos en el mercado.<\/p>\t\t\t\t\t\t\t\t<\/div>\n\t\t\t\t<\/div>\n\t\t\t\t\t<\/div>\n\t\t\t\t<\/div>\n\t\t<div class=\"elementor-element elementor-element-377eeac e-flex e-con-boxed e-con e-parent\" data-id=\"377eeac\" data-element_type=\"container\" data-e-type=\"container\">\n\t\t\t\t\t<div class=\"e-con-inner\">\n\t\t\t\t<div class=\"elementor-element elementor-element-68f0772 elementor-widget elementor-widget-heading\" data-id=\"68f0772\" data-element_type=\"widget\" data-e-type=\"widget\" data-widget_type=\"heading.default\">\n\t\t\t\t\t<h3 class=\"elementor-heading-title elementor-size-default\">NUESTROS PILARES<\/h3>\t\t\t\t<\/div>\n\t\t\t\t\t<\/div>\n\t\t\t\t<\/div>\n\t\t<div class=\"elementor-element elementor-element-7850321 e-flex e-con-boxed e-con e-parent\" data-id=\"7850321\" data-element_type=\"container\" data-e-type=\"container\">\n\t\t\t\t\t<div class=\"e-con-inner\">\n\t\t<div class=\"elementor-element elementor-element-322043f e-con-full e-flex e-con e-child\" data-id=\"322043f\" data-element_type=\"container\" data-e-type=\"container\">\n\t\t\t\t<div class=\"elementor-element elementor-element-3eb7b58 elementor-widget elementor-widget-wpzoom-elementor-addons-image-box\" data-id=\"3eb7b58\" data-element_type=\"widget\" data-e-type=\"widget\" data-widget_type=\"wpzoom-elementor-addons-image-box.default\">\n\t\t\t\t<div class=\"elementor-widget-container\">\n\t\t\t\t\t\t\t<div class=\"wpzoom-elementor-addons-image-box\">\n\t\t\t<h3>\n\t\t\t\t<a href=\"https:\/\/proyecto.com.ar\/index.php\/empresa-nosotros-proyecto\/\" class=\"wpzoom-elementor-addons-image-box-link is-linked has-image\" style=\"background-image:url('https:\/\/proyecto.com.ar\/wp-content\/uploads\/2024\/01\/negocios-concepto-entrevista-trabajo-scaled.jpg');\"><span>PERSONAS<\/span><\/a>\t\t\t<\/h3>\n\t\t<\/div><!-- \/\/.wpzoom-elementor-addons-image-box -->\n\t\t\t\t\t\t<\/div>\n\t\t\t\t<\/div>\n\t\t\t\t<\/div>\n\t\t<div class=\"elementor-element elementor-element-c7b1f46 e-con-full e-flex e-con e-child\" data-id=\"c7b1f46\" data-element_type=\"container\" data-e-type=\"container\">\n\t\t\t\t<div class=\"elementor-element elementor-element-e781872 elementor-widget elementor-widget-wpzoom-elementor-addons-image-box\" data-id=\"e781872\" data-element_type=\"widget\" data-e-type=\"widget\" data-widget_type=\"wpzoom-elementor-addons-image-box.default\">\n\t\t\t\t<div class=\"elementor-widget-container\">\n\t\t\t\t\t\t\t<div class=\"wpzoom-elementor-addons-image-box\">\n\t\t\t<h3>\n\t\t\t\t<a href=\"https:\/\/proyecto.com.ar\/index.php\/productos\/\" class=\"wpzoom-elementor-addons-image-box-link is-linked has-image\" style=\"background-image:url('https:\/\/proyecto.com.ar\/wp-content\/uploads\/2024\/01\/fondo-desenfocado-productos-coloridos-scaled.jpg');\"><span>PRODUCTOS<\/span><\/a>\t\t\t<\/h3>\n\t\t<\/div><!-- \/\/.wpzoom-elementor-addons-image-box -->\n\t\t\t\t\t\t<\/div>\n\t\t\t\t<\/div>\n\t\t\t\t<\/div>\n\t\t<div class=\"elementor-element elementor-element-9af499d e-con-full e-flex e-con e-child\" data-id=\"9af499d\" data-element_type=\"container\" data-e-type=\"container\">\n\t\t\t\t<div class=\"elementor-element elementor-element-7bc5ea8 elementor-widget elementor-widget-wpzoom-elementor-addons-image-box\" data-id=\"7bc5ea8\" data-element_type=\"widget\" data-e-type=\"widget\" data-widget_type=\"wpzoom-elementor-addons-image-box.default\">\n\t\t\t\t<div class=\"elementor-widget-container\">\n\t\t\t\t\t\t\t<div class=\"wpzoom-elementor-addons-image-box\">\n\t\t\t<h3>\n\t\t\t\t<span class=\"wpzoom-elementor-addons-image-box-link not-linked has-image\" style=\"background-image:url('https:\/\/proyecto.com.ar\/wp-content\/uploads\/2024\/01\/hombre-dando-presentacion-grafico-barras-lapiz-digital-alta-tecnologia-scaled.jpg');\"><span>OBJETIVOS<\/span><\/span>\t\t\t<\/h3>\n\t\t<\/div><!-- \/\/.wpzoom-elementor-addons-image-box -->\n\t\t\t\t\t\t<\/div>\n\t\t\t\t<\/div>\n\t\t\t\t<\/div>\n\t\t<div class=\"elementor-element elementor-element-8b2c838 e-con-full e-flex e-con e-child\" data-id=\"8b2c838\" data-element_type=\"container\" data-e-type=\"container\">\n\t\t\t\t<div class=\"elementor-element elementor-element-db34bcb elementor-widget elementor-widget-text-editor\" data-id=\"db34bcb\" data-element_type=\"widget\" data-e-type=\"widget\" data-widget_type=\"text-editor.default\">\n\t\t\t\t\t\t\t\t\t<p>El talento y trabajo en equipo con aut\u00e9ntico esp\u00edritu empresarial son herramientas centrales.<\/p>\t\t\t\t\t\t\t\t<\/div>\n\t\t\t\t<\/div>\n\t\t<div class=\"elementor-element elementor-element-17335e5 e-con-full e-flex e-con e-child\" data-id=\"17335e5\" data-element_type=\"container\" data-e-type=\"container\">\n\t\t\t\t<div class=\"elementor-element elementor-element-2ae5c7c elementor-widget elementor-widget-text-editor\" data-id=\"2ae5c7c\" data-element_type=\"widget\" data-e-type=\"widget\" data-widget_type=\"text-editor.default\">\n\t\t\t\t\t\t\t\t\t<p>Ofrecemos soluciones para que puedas acceder a los productos que necesites.<\/p>\t\t\t\t\t\t\t\t<\/div>\n\t\t\t\t<\/div>\n\t\t<div class=\"elementor-element elementor-element-d27b925 e-con-full e-flex e-con e-child\" data-id=\"d27b925\" data-element_type=\"container\" data-e-type=\"container\">\n\t\t\t\t<div class=\"elementor-element elementor-element-d4b3663 elementor-widget elementor-widget-text-editor\" data-id=\"d4b3663\" data-element_type=\"widget\" data-e-type=\"widget\" data-widget_type=\"text-editor.default\">\n\t\t\t\t\t\t\t\t\t<p>Trabajamos con objetivos y a la vez sabemos aprovechar las oportunidades al momento en que surgen.<\/p>\t\t\t\t\t\t\t\t<\/div>\n\t\t\t\t<\/div>\n\t\t\t\t\t<\/div>\n\t\t\t\t<\/div>\n\t\t\t\t<\/div>\n\t\t","protected":false},"excerpt":{"rendered":"<p>QUIENES SOMOS Proyecto es una empresa COMERCIALIZADORA y de venta MAYORISTA en continuo crecimiento, localizada en Argentina especializada en la comercializaci\u00f3n y distribuci\u00f3n de productos de consumo masivo. Desarrollamos nuestra actividad comercial con presencia de ejecutivos de venta en toda la Argentina a trav\u00e9s de m\u00faltiples canales comerciales. Nuestra dedicaci\u00f3n y profesionalismo, trabajando en conjunto &hellip; <\/p>\n<p class=\"link-more\"><a href=\"https:\/\/proyecto.com.ar\/\" class=\"more-link\">Leer m\u00e1s<span class=\"screen-reader-text\"> \u00ab\u00bb<\/span><\/a><\/p>\n","protected":false},"author":1,"featured_media":0,"parent":0,"menu_order":0,"comment_status":"closed","ping_status":"closed","template":"","meta":{"_crdt_document":"","inspiro_hide_title":false,"_joinchat":[],"footnotes":""},"class_list":["post-4140","page","type-page","status-publish","hentry"],"jetpack_sharing_enabled":true,"featured_media_urls":[],"_links":{"self":[{"href":"https:\/\/proyecto.com.ar\/index.php\/wp-json\/wp\/v2\/pages\/4140","targetHints":{"allow":["GET"]}}],"collection":[{"href":"https:\/\/proyecto.com.ar\/index.php\/wp-json\/wp\/v2\/pages"}],"about":[{"href":"https:\/\/proyecto.com.ar\/index.php\/wp-json\/wp\/v2\/types\/page"}],"author":[{"embeddable":true,"href":"https:\/\/proyecto.com.ar\/index.php\/wp-json\/wp\/v2\/users\/1"}],"replies":[{"embeddable":true,"href":"https:\/\/proyecto.com.ar\/index.php\/wp-json\/wp\/v2\/comments?post=4140"}],"version-history":[{"count":123,"href":"https:\/\/proyecto.com.ar\/index.php\/wp-json\/wp\/v2\/pages\/4140\/revisions"}],"predecessor-version":[{"id":5205,"href":"https:\/\/proyecto.com.ar\/index.php\/wp-json\/wp\/v2\/pages\/4140\/revisions\/5205"}],"wp:attachment":[{"href":"https:\/\/proyecto.com.ar\/index.php\/wp-json\/wp\/v2\/media?parent=4140"}],"curies":[{"name":"wp","href":"https:\/\/api.w.org\/{rel}","templated":true}]}}