{"id":688,"date":"2014-04-18T21:10:10","date_gmt":"2014-04-18T21:10:10","guid":{"rendered":"http:\/\/proyectoenmadera.com\/?page_id=688"},"modified":"2014-04-18T21:10:10","modified_gmt":"2014-04-18T21:10:10","slug":"politica-de-privacidad","status":"publish","type":"page","link":"https:\/\/proyecto.com.ar\/index.php\/politica-de-privacidad\/","title":{"rendered":"Pol\u00edtica de Privacidad"},"content":{"rendered":"<p><strong style=\"color: #1c1c1c;\">Pol\u00edtica De Privacidad<\/strong><\/p>\n<p>Por medio de nuestra pol\u00edtica de privacidad le ponemos al tanto de las debidas condiciones de uso de proyectoenmadera.com.<\/p>\n<p>La utilizaci\u00f3n de estos implica su aceptaci\u00f3n plena y sin reservas a todas y cada una de las disposiciones incluidas en este Aviso Legal, por lo que si usted no est\u00e1 de acuerdo con cualquiera de las condiciones aqu\u00ed establecidas, no deber\u00e1 usar u\/o acceder a este sitio.<\/p>\n<p>Reservamos el derecho a modificar esta Declaraci\u00f3n de Privacidad en cualquier momento. Su uso continuo de cualquier porci\u00f3n de este sitio tras la notificaci\u00f3n o anuncio de tales modificaciones constituir\u00e1 su aceptaci\u00f3n de tales cambios.<\/p>\n<p><strong style=\"color: #1c1c1c;\">\u00a0Cookies<\/strong><\/p>\n<p>Este sitio hace uso de cookies, el cual son peque\u00f1os ficheros de datos que se generan en su ordenador, el cual env\u00eda informaci\u00f3n sin proporcionar referencias que permitan deducir datos personales de este.<\/p>\n<p>Usted podr\u00e1 configurar su navegador para que notifique y rechace la instalaci\u00f3n de las cookies enviadas por este sitio, sin que ello perjudique la posibilidad de acceder a los contenidos. Sin embargo, no nos responsabilizamos de que la desactivaci\u00f3n de los mismos impida el buen funcionamiento de la del sitio.<\/p>\n<p><strong style=\"color: #1c1c1c;\">Marcas Web o Web Beacons<\/strong><\/p>\n<p>Al igual que las cookies este sitio tambi\u00e9n puede contener web beacons, un archivo electr\u00f3nico gr\u00e1fico que permite contabilizar a los usuarios que acceden al sitio o acceden a determinadas cookies del mismo, de esta manera, podremos ofrecerle una experiencia a\u00fan m\u00e1s personalizada.<\/p>\n<p><strong style=\"color: #1c1c1c;\">Acciones De Terceros<\/strong><\/p>\n<p>Asimismo, usted encontrar\u00e1 dentro de este sitio, p\u00e1ginas, promociones, micrositios, banners, anuncios, tiendas virtuales, encuestas, patrocinadores, publicistas, contratistas y\/o socios y servicios comerciales, en conjunto con otros servicios compartidos, propios o cobrandeados con terceros (\u201dSitios Cobrandeados\u201d) que le podr\u00e1n solicitar Informaci\u00f3n, los cuales este sitio le podr\u00e1 revelar informaci\u00f3n proporcionada por usted.<\/p>\n<p>La Informaci\u00f3n que se proporcione en estos Sitios Cobrandeados esta sujeta a las pol\u00edticas de privacidad o leyendas de Responsabilidad de Informaci\u00f3n que se desplieguen en dichos Sitios y no estar\u00e1 sujeta a esta pol\u00edtica de privacidad. Por lo que recomendamos ampliamente a los Usuarios a revisar detalladamente las pol\u00edticas de privacidad que se desplieguen en los Sitios Cobrandeados.<\/p>\n<p><strong style=\"color: #1c1c1c;\">Pol\u00edtica De Privacidad de la publicidad proporcionada en este sitio:<\/strong><\/p>\n<p>Google Adsense<\/p>\n<p>Nosotros estudiamos las preferencias de nuestros usuarios, sus caracter\u00edsticas demogr\u00e1ficas, sus patrones de tr\u00e1fico, y otra informaci\u00f3n en conjunto para comprender mejor qui\u00e9nes constituyen nuestra audiencia y qu\u00e9 es lo que usted necesita. El rastreo de las preferencias de nuestros usuarios tambi\u00e9n nos ayuda a servirle a usted los avisos publicitarios m\u00e1s relevantes.<\/p>\n<p>Google, como proveedor asociado, utiliza cookies para publicar anuncios en proyectoenmadera.com. El uso de la cookie DART permite a Google publicar anuncios a usuarios que visitan este sitio y otros sitios de Internet. Los usuarios pueden inhabilitar el uso de la cookie de DART a trav\u00e9s del anuncio de Google y accediendo a la pol\u00edtica de privacidad de la red de contenido.<\/p>\n<p>&nbsp;<\/p>\n<p><strong style=\"color: #1c1c1c;\">Pol\u00edtica De Privacidad de las fuentes de rastreo utilizadas en este sitio:<\/strong><\/p>\n<p>Sitemeter<\/p>\n<p>Google Analytics<\/p>\n<p><strong style=\"color: #1c1c1c;\">V\u00ednculos Hacia Otros Sitios<\/strong><\/p>\n<p>Este sitio puede contener v\u00ednculos hacia otros sitios que no son administrados por nosotros. Es importante estar al tanto de esta situaci\u00f3n al momento de hacer click en dichos v\u00ednculos, ya que nosotros no somos responsables por las pol\u00edticas de privacidad de ning\u00fan sitio que no sea el nuestro. Les recomendamos revisar las pol\u00edticas de privacidad de cada sitio que usted visite, tengan o no un v\u00ednculo desde nuestro sitio.<\/p>\n<p><strong style=\"color: #1c1c1c;\">Pol\u00edtica De Protecci\u00f3n De Datos Personales<\/strong><\/p>\n<p>Para utilizar algunos de los servicios o acceder a determinados contenidos, deber\u00e1 proporcionar previamente ciertos datos de car\u00e1cter personal, que solo ser\u00e1n utilizados para el prop\u00f3sito que fueron recopilados.<\/p>\n<p>El tipo de la posible Informaci\u00f3n que se le sea solicitada incluye, de manera enunciativa m\u00e1s no limitativa, su nombre, direcci\u00f3n de correo electr\u00f3nico (e-mail), fecha de nacimiento, sexo, ocupaci\u00f3n, pa\u00eds y ciudad de origen e intereses personales, entre otros, no toda la Informaci\u00f3n solicitada al momento de participar en el sitio es obligatoria de proporcionarse, salvo aquella que consideremos conveniente y que as\u00ed se le haga saber.<\/p>\n<p>C\u00f3mo principio general, este sitio no comparte ni revela informaci\u00f3n obtenida, excepto cuando haya sido autorizada por usted, o en los siguientes casos:<\/p>\n<p>Cuando le sea requerido por una autoridad competente y previo el cumplimiento del tr\u00e1mite legal correspondiente y<\/p>\n<p>Cuando a juicio de este sitio sea necesario para hacer cumplir las condiciones de uso y dem\u00e1s t\u00e9rminos de esta p\u00e1gina, o para salvaguardar la integridad de los dem\u00e1s usuarios o del sitio.<\/p>\n<p>Deber\u00e1 estar consciente de que si usted voluntariamente revela informaci\u00f3n personal en l\u00ednea en un \u00e1rea p\u00fablica, esa informaci\u00f3n puede ser recogida y usada por otros. Nosotros no controlamos las acciones de nuestros visitantes y usuarios.<\/p>\n<p><strong style=\"color: #1c1c1c;\">Conducta Responsable<\/strong><\/p>\n<p>Toda la informaci\u00f3n que facilite deber\u00e1 ser veraz. A estos efectos, usted garantiza la autenticidad de todos aquellos datos que comunique como consecuencia de la cumplimentaci\u00f3n de los formularios necesarios para la suscripci\u00f3n de los Servicios, acceso a contenidos o \u00e1reas restringidas del sitio. En todo caso usted ser\u00e1 el \u00fanico responsable de las manifestaciones falsas o inexactas que realice y de los perjuicios que cause a este sitio o a terceros por la informaci\u00f3n que facilite.<\/p>\n<p>Usted se compromete a actuar en forma responsable en este sitio y a tratar a otros visitantes con respeto.<\/p>\n<p><strong style=\"color: #1c1c1c;\">Contacto<\/strong><\/p>\n<p>Si tiene preguntas o cuestiones sobre esta Pol\u00edtica, no dude en contactarse en cualquier momento a trav\u00e9s del formulario de contacto disponible en el sitio o por medio del correo electr\u00f3nico\u00a0info@proyectoenmadera.com<\/p>\n","protected":false},"excerpt":{"rendered":"<p>Pol\u00edtica De Privacidad Por medio de nuestra pol\u00edtica de privacidad le ponemos al tanto de las debidas condiciones de uso de proyectoenmadera.com. La utilizaci\u00f3n de estos implica su aceptaci\u00f3n plena y sin reservas a todas y cada una de las disposiciones incluidas en este Aviso Legal, por lo que si usted no est\u00e1 de acuerdo &hellip; <\/p>\n<p class=\"link-more\"><a href=\"https:\/\/proyecto.com.ar\/index.php\/politica-de-privacidad\/\" class=\"more-link\">Leer m\u00e1s<span class=\"screen-reader-text\"> \u00abPol\u00edtica de Privacidad\u00bb<\/span><\/a><\/p>\n","protected":false},"author":1,"featured_media":0,"parent":0,"menu_order":7,"comment_status":"closed","ping_status":"closed","template":"","meta":{"_crdt_document":"","inspiro_hide_title":false,"_joinchat":[],"footnotes":""},"class_list":["post-688","page","type-page","status-publish","hentry"],"jetpack_sharing_enabled":true,"featured_media_urls":[],"_links":{"self":[{"href":"https:\/\/proyecto.com.ar\/index.php\/wp-json\/wp\/v2\/pages\/688","targetHints":{"allow":["GET"]}}],"collection":[{"href":"https:\/\/proyecto.com.ar\/index.php\/wp-json\/wp\/v2\/pages"}],"about":[{"href":"https:\/\/proyecto.com.ar\/index.php\/wp-json\/wp\/v2\/types\/page"}],"author":[{"embeddable":true,"href":"https:\/\/proyecto.com.ar\/index.php\/wp-json\/wp\/v2\/users\/1"}],"replies":[{"embeddable":true,"href":"https:\/\/proyecto.com.ar\/index.php\/wp-json\/wp\/v2\/comments?post=688"}],"version-history":[{"count":0,"href":"https:\/\/proyecto.com.ar\/index.php\/wp-json\/wp\/v2\/pages\/688\/revisions"}],"wp:attachment":[{"href":"https:\/\/proyecto.com.ar\/index.php\/wp-json\/wp\/v2\/media?parent=688"}],"curies":[{"name":"wp","href":"https:\/\/api.w.org\/{rel}","templated":true}]}}